{"id":32,"date":"2025-05-30T14:03:34","date_gmt":"2025-05-30T14:03:34","guid":{"rendered":"http:\/\/localhost:8888\/?page_id=32"},"modified":"2025-06-11T01:36:36","modified_gmt":"2025-06-11T01:36:36","slug":"pagina-principal-2","status":"publish","type":"page","link":"https:\/\/stage.imagemestilo.com\/","title":{"rendered":"Pagina Principal"},"content":{"rendered":"\n<header class=\"wp-block-group hero-section has-pale-ocean-gradient-background has-background is-layout-flow wp-block-group-is-layout-flow\">\n<div class=\"wp-block-cover has-black-color has-text-color has-link-color wp-elements-1fe17e0e5a32b3ce91571db99f18b2c4\" style=\"min-height:30rem;aspect-ratio:unset;\"><img loading=\"lazy\" decoding=\"async\" width=\"1536\" height=\"1024\" class=\"wp-block-cover__image-background wp-image-185 size-full\" alt=\"\" src=\"https:\/\/stage.imagemestilo.com\/wp-content\/uploads\/2025\/06\/Transforme-sua-Imagem-Potencialize-seu-Sucesso.webp\" style=\"object-position:62% 9%\" data-object-fit=\"cover\" data-object-position=\"62% 9%\" srcset=\"https:\/\/stage.imagemestilo.com\/wp-content\/uploads\/2025\/06\/Transforme-sua-Imagem-Potencialize-seu-Sucesso.webp 1536w, https:\/\/stage.imagemestilo.com\/wp-content\/uploads\/2025\/06\/Transforme-sua-Imagem-Potencialize-seu-Sucesso-300x200.webp 300w, https:\/\/stage.imagemestilo.com\/wp-content\/uploads\/2025\/06\/Transforme-sua-Imagem-Potencialize-seu-Sucesso-1024x683.webp 1024w, https:\/\/stage.imagemestilo.com\/wp-content\/uploads\/2025\/06\/Transforme-sua-Imagem-Potencialize-seu-Sucesso-768x512.webp 768w\" sizes=\"auto, (max-width: 1536px) 100vw, 1536px\" \/><span aria-hidden=\"true\" class=\"wp-block-cover__background has-background-dim-0 has-background-dim\"><\/span><div class=\"wp-block-cover__inner-container is-layout-constrained wp-block-cover-is-layout-constrained\">\n<h1 class=\"wp-block-heading has-text-align-left has-x-large-font-size\">Transforme sua Imagem, Potencialize seu Sucesso!<\/h1>\n\n\n\n<p class=\"has-text-align-left\" style=\"margin-bottom:var(--wp--preset--spacing--60)\">O mundo te v\u00ea antes mesmo de te ouvir. <br><strong>Fa\u00e7a sua imagem trabalhar a seu favor!<\/strong><\/p>\n\n\n\n<div class=\"wp-block-buttons is-content-justification-left is-layout-flex wp-container-core-buttons-is-layout-fc4fd283 wp-block-buttons-is-layout-flex\">\n<div class=\"wp-block-button button-cta\"><a class=\"wp-block-button__link has-accent-cta-background-color has-background wp-element-button\" href=\"https:\/\/api.whatsapp.com\/send\/?phone=4915752603023&amp;text&amp;type=phone_number&amp;app_absent=0\">Agendar Consultoria Gratuita<\/a><\/div>\n<\/div>\n<\/div><\/div>\n<\/header>\n\n\n\n<section class=\"wp-block-group section is-layout-constrained wp-block-group-is-layout-constrained\">\n<div class=\"wp-block-media-text alignwide is-stacked-on-mobile is-vertically-aligned-top is-image-fill-element\"><figure class=\"wp-block-media-text__media\"><img loading=\"lazy\" decoding=\"async\" width=\"717\" height=\"1024\" src=\"https:\/\/stage.imagemestilo.com\/wp-content\/uploads\/2025\/06\/Gemini_Generated_Image_ntmouvntmouvntmo-717x1024.jpg\" alt=\"\" class=\"wp-image-200 size-full\" style=\"object-position:50% 50%\" srcset=\"https:\/\/stage.imagemestilo.com\/wp-content\/uploads\/2025\/06\/Gemini_Generated_Image_ntmouvntmouvntmo-717x1024.jpg 717w, https:\/\/stage.imagemestilo.com\/wp-content\/uploads\/2025\/06\/Gemini_Generated_Image_ntmouvntmouvntmo-210x300.jpg 210w, https:\/\/stage.imagemestilo.com\/wp-content\/uploads\/2025\/06\/Gemini_Generated_Image_ntmouvntmouvntmo-768x1097.jpg 768w, https:\/\/stage.imagemestilo.com\/wp-content\/uploads\/2025\/06\/Gemini_Generated_Image_ntmouvntmouvntmo-1075x1536.jpg 1075w, https:\/\/stage.imagemestilo.com\/wp-content\/uploads\/2025\/06\/Gemini_Generated_Image_ntmouvntmouvntmo-1434x2048.jpg 1434w, https:\/\/stage.imagemestilo.com\/wp-content\/uploads\/2025\/06\/Gemini_Generated_Image_ntmouvntmouvntmo.jpg 1792w\" sizes=\"auto, (max-width: 717px) 100vw, 717px\" \/><\/figure><div class=\"wp-block-media-text__content\">\n<h2 class=\"wp-block-heading\">Voc\u00ea transmite a imagem que deseja?<\/h2>\n\n\n\n<p>A forma como nos vestimos influencia diretamente a maneira como somos vistas e tratadas. Se voc\u00ea quer se sentir mais confiante, valorizar sua beleza natural e alinhar sua imagem com seus objetivos pessoais e profissionais, eu posso te ajudar.<\/p>\n\n\n\n<p>Sou <strong>Lene Riedel <\/strong>, estrategista de imagem e estilo, especialista em colora\u00e7\u00e3o pessoal, arqu\u00e9tipos de marca e posicionamento de imagem para os neg\u00f3cios. Meu objetivo \u00e9 transformar a sua imagem para que voc\u00ea se sinta poderosa, segura e pronta para conquistar o que quiser.<\/p>\n\n\n\n<p><strong>Agende uma consulta gratuita!<\/strong><\/p>\n<\/div><\/div>\n<\/section>\n\n\n\n<section class=\"wp-block-group section has-subtle-border-background-color has-background is-layout-constrained wp-block-group-is-layout-constrained\">\n<h2 class=\"wp-block-heading alignwide has-text-align-center\">Os servicios que eu oferece<\/h2>\n\n\n\n<div class=\"wp-block-query alignwide is-layout-flow wp-block-query-is-layout-flow\"><ul class=\"wp-block-post-template is-layout-grid wp-container-core-post-template-is-layout-f434c19f wp-block-post-template-is-layout-grid\"><li class=\"wp-block-post post-23 service type-service status-publish hentry\">\n\n<article class=\"wp-block-group has-base-background-color has-background is-layout-constrained wp-block-group-is-layout-constrained\"><h3 class=\"wp-block-post-title\">Consultoria Express<\/h3>\n\n<div class=\"wp-block-post-excerpt\"><p class=\"wp-block-post-excerpt__excerpt\">Montagem de 40 a 50 looks personalizados para o seu estilo, otimizando seu tempo e facilitando seu dia a dia. <\/p><\/div><\/article>\n\n<\/li><li class=\"wp-block-post post-22 service type-service status-publish hentry\">\n\n<article class=\"wp-block-group has-base-background-color has-background is-layout-constrained wp-block-group-is-layout-constrained\"><h3 class=\"wp-block-post-title\">Moldura Facial<\/h3>\n\n<div class=\"wp-block-post-excerpt\"><p class=\"wp-block-post-excerpt__excerpt\">An\u00e1lise do formato do seu rosto com sugest\u00f5es de cortes de cabelo e acess\u00f3rios que real\u00e7am sua beleza. <\/p><\/div><\/article>\n\n<\/li><li class=\"wp-block-post post-155 service type-service status-publish hentry\">\n\n<article class=\"wp-block-group has-base-background-color has-background is-layout-constrained wp-block-group-is-layout-constrained\"><h3 class=\"wp-block-post-title\">Diagn\u00f3stico de Estilo<\/h3>\n\n<div class=\"wp-block-post-excerpt\"><p class=\"wp-block-post-excerpt__excerpt\">Descubra qual \u00e9 o seu estilo, aprenda a valorizar seu tipo f\u00edsico e alinhe sua imagem com seus objetivos pessoais e profissionais. <\/p><\/div><\/article>\n\n<\/li><li class=\"wp-block-post post-154 service type-service status-publish hentry\">\n\n<article class=\"wp-block-group has-base-background-color has-background is-layout-constrained wp-block-group-is-layout-constrained\"><h3 class=\"wp-block-post-title\">Closet Detox<\/h3>\n\n<div class=\"wp-block-post-excerpt\"><p class=\"wp-block-post-excerpt__excerpt\">Elimine pe\u00e7as que n\u00e3o favorecem sua imagem e aprenda a combinar roupas que voc\u00ea j\u00e1 tem de forma estrat\u00e9gica. <\/p><\/div><\/article>\n\n<\/li><li class=\"wp-block-post post-153 service type-service status-publish hentry\">\n\n<article class=\"wp-block-group has-base-background-color has-background is-layout-constrained wp-block-group-is-layout-constrained\"><h3 class=\"wp-block-post-title\">Montagem de Looks<\/h3>\n\n<div class=\"wp-block-post-excerpt\"><p class=\"wp-block-post-excerpt__excerpt\">Multiplique seu guarda-roupa com combina\u00e7\u00f5es inteligentes que valorizam seu corpo e refor\u00e7am sua identidade visual. <\/p><\/div><\/article>\n\n<\/li><li class=\"wp-block-post post-152 service type-service status-publish hentry\">\n\n<article class=\"wp-block-group has-base-background-color has-background is-layout-constrained wp-block-group-is-layout-constrained\"><h3 class=\"wp-block-post-title\">Personal Shopping<\/h3>\n\n<div class=\"wp-block-post-excerpt\"><p class=\"wp-block-post-excerpt__excerpt\">Compre roupas de forma assertiva com minha assessoria presencial ou online. Escolha pe\u00e7as que realmente te valorizam! <\/p><\/div><\/article>\n\n<\/li><li class=\"wp-block-post post-151 service type-service status-publish hentry\">\n\n<article class=\"wp-block-group has-base-background-color has-background is-layout-constrained wp-block-group-is-layout-constrained\"><h3 class=\"wp-block-post-title\">Personal Stylist para Eventos<\/h3>\n\n<div class=\"wp-block-post-excerpt\"><p class=\"wp-block-post-excerpt__excerpt\">Arrase em qualquer ocasi\u00e3o com um look impec\u00e1vel, alinhado com sua personalidade e adequado ao evento. <\/p><\/div><\/article>\n\n<\/li><li class=\"wp-block-post post-16 service type-service status-publish hentry\">\n\n<article class=\"wp-block-group has-base-background-color has-background is-layout-constrained wp-block-group-is-layout-constrained\"><h3 class=\"wp-block-post-title\">Colora\u00e7\u00e3o Pessoal<\/h3>\n\n<div class=\"wp-block-post-excerpt\"><p class=\"wp-block-post-excerpt__excerpt\">Descubra as cores que favorecem sua pele e transformam sua imagem. Receba um guia personalizado para facilitar suas escolhas. <\/p><\/div><\/article>\n\n<\/li><li class=\"wp-block-post post-150 service type-service status-publish hentry\">\n\n<article class=\"wp-block-group has-base-background-color has-background is-layout-constrained wp-block-group-is-layout-constrained\"><h3 class=\"wp-block-post-title\">Mala Inteligente<\/h3>\n\n<div class=\"wp-block-post-excerpt\"><p class=\"wp-block-post-excerpt__excerpt\">Planejamento estrat\u00e9gico da sua mala de viagem com looks vers\u00e1teis e combina\u00e7\u00f5es inteligentes. <\/p><\/div><\/article>\n\n<\/li><li class=\"wp-block-post post-149 service type-service status-publish hentry\">\n\n<article class=\"wp-block-group has-base-background-color has-background is-layout-constrained wp-block-group-is-layout-constrained\"><h3 class=\"wp-block-post-title\">Styling e Produ\u00e7\u00e3o de Moda<\/h3>\n\n<div class=\"wp-block-post-excerpt\"><p class=\"wp-block-post-excerpt__excerpt\">Assessoria completa com escolha de looks, poses para fotos, maquiagem, acess\u00f3rios e cabelo para real\u00e7ar sua identidade visual. <\/p><\/div><\/article>\n\n<\/li><li class=\"wp-block-post post-148 service type-service status-publish hentry\">\n\n<article class=\"wp-block-group has-base-background-color has-background is-layout-constrained wp-block-group-is-layout-constrained\"><h3 class=\"wp-block-post-title\">Consultoria VIP<\/h3>\n\n<div class=\"wp-block-post-excerpt\"><p class=\"wp-block-post-excerpt__excerpt\">Transforme sua imagem com um acompanhamento completo e personalizado, alinhando estilo, autoconhecimento e confian\u00e7a. <\/p><\/div><\/article>\n\n<\/li><\/ul>\n\n\n\n<\/div>\n\n\n\n<div class=\"wp-block-group is-vertical is-content-justification-center is-layout-flex wp-container-core-group-is-layout-ce155fab wp-block-group-is-layout-flex\">\n<p class=\"has-text-align-center has-large-font-size\"><strong>Servi\u00e7os a partir de R$&nbsp;250 reais<\/strong><\/p>\n\n\n\n<div class=\"wp-block-group is-content-justification-center is-nowrap is-layout-flex wp-container-core-group-is-layout-23441af8 wp-block-group-is-layout-flex\">\n<div class=\"wp-block-buttons is-content-justification-left is-layout-flex wp-container-core-buttons-is-layout-fc4fd283 wp-block-buttons-is-layout-flex\">\n<div class=\"wp-block-button button-cta\"><a class=\"wp-block-button__link has-accent-cta-background-color has-background wp-element-button\" href=\"https:\/\/api.whatsapp.com\/send\/?phone=4915752603023&amp;text&amp;type=phone_number&amp;app_absent=0\">Agendar Consultoria Gratuita<\/a><\/div>\n<\/div>\n<\/div>\n<\/div>\n<\/section>\n\n\n\n<section class=\"wp-block-group section is-layout-constrained wp-block-group-is-layout-constrained\">\n<figure class=\"wp-block-gallery alignwide has-nested-images columns-4 is-cropped wp-block-gallery-1 is-layout-flex wp-block-gallery-is-layout-flex\">\n<figure class=\"wp-block-image size-full\"><img loading=\"lazy\" decoding=\"async\" width=\"579\" height=\"772\" data-id=\"169\" src=\"https:\/\/stage.imagemestilo.com\/wp-content\/uploads\/2025\/06\/cd059d3d-6cb6-489c-9b3d-c90180959827-2.jpg\" alt=\"\" class=\"wp-image-169\" srcset=\"https:\/\/stage.imagemestilo.com\/wp-content\/uploads\/2025\/06\/cd059d3d-6cb6-489c-9b3d-c90180959827-2.jpg 579w, https:\/\/stage.imagemestilo.com\/wp-content\/uploads\/2025\/06\/cd059d3d-6cb6-489c-9b3d-c90180959827-2-225x300.jpg 225w\" sizes=\"auto, (max-width: 579px) 100vw, 579px\" \/><\/figure>\n\n\n\n<figure class=\"wp-block-image size-full\"><img loading=\"lazy\" decoding=\"async\" width=\"434\" height=\"772\" data-id=\"172\" src=\"https:\/\/stage.imagemestilo.com\/wp-content\/uploads\/2025\/06\/IMG_7907-2.jpg\" alt=\"\" class=\"wp-image-172\" srcset=\"https:\/\/stage.imagemestilo.com\/wp-content\/uploads\/2025\/06\/IMG_7907-2.jpg 434w, https:\/\/stage.imagemestilo.com\/wp-content\/uploads\/2025\/06\/IMG_7907-2-169x300.jpg 169w\" sizes=\"auto, (max-width: 434px) 100vw, 434px\" \/><\/figure>\n\n\n\n<figure class=\"wp-block-image size-full\"><img loading=\"lazy\" decoding=\"async\" width=\"208\" height=\"312\" data-id=\"173\" src=\"https:\/\/stage.imagemestilo.com\/wp-content\/uploads\/2025\/06\/IMG_8863.jpg\" alt=\"\" class=\"wp-image-173\" srcset=\"https:\/\/stage.imagemestilo.com\/wp-content\/uploads\/2025\/06\/IMG_8863.jpg 208w, https:\/\/stage.imagemestilo.com\/wp-content\/uploads\/2025\/06\/IMG_8863-200x300.jpg 200w\" sizes=\"auto, (max-width: 208px) 100vw, 208px\" \/><\/figure>\n\n\n\n<figure class=\"wp-block-image size-full\"><img loading=\"lazy\" decoding=\"async\" width=\"280\" height=\"420\" data-id=\"174\" src=\"https:\/\/stage.imagemestilo.com\/wp-content\/uploads\/2025\/06\/IMG_9394-1.jpg\" alt=\"\" class=\"wp-image-174\" srcset=\"https:\/\/stage.imagemestilo.com\/wp-content\/uploads\/2025\/06\/IMG_9394-1.jpg 280w, https:\/\/stage.imagemestilo.com\/wp-content\/uploads\/2025\/06\/IMG_9394-1-200x300.jpg 200w\" sizes=\"auto, (max-width: 280px) 100vw, 280px\" \/><\/figure>\n<\/figure>\n<\/section>\n\n\n\n<section class=\"wp-block-group section is-layout-constrained wp-block-group-is-layout-constrained\">\n<h2 class=\"wp-block-heading has-text-align-center\">Para quem \u00e9 essa consultoria?<\/h2>\n\n\n\n<p class=\"has-text-align-center has-medium-font-size\"><strong>CHEGOU A HORA DE REINVENTAR SUA IMAGEM!<\/strong><\/p>\n\n\n\n<p class=\"has-text-align-left\">N\u00e3o perca mais tempo com roupas que n\u00e3o valorizam sua ess\u00eancia.<br>Vamos juntas transformar sua imagem e te ajudar a transmitir exatamente quem voc\u00ea \u00e9!<\/p>\n\n\n\n<ul class=\"wp-block-list\">\n<li>Empres\u00e1rias e empreendedoras que precisam alinhar sua imagem \u00e0 sua marca pessoal. <\/li>\n\n\n\n<li>Mulheres que desejam aumentar a confian\u00e7a e seguran\u00e7a atrav\u00e9s da imagem. <\/li>\n\n\n\n<li>Profissionais que querem fortalecer seu posicionamento visual no mercado. <\/li>\n\n\n\n<li>Mulheres que querem otimizar seu guarda-roupa e simplificar a rotina de se vestir. <\/li>\n\n\n\n<li>Pessoas que desejam descobrir quais cores e roupas realmente as valorizam.<\/li>\n<\/ul>\n\n\n\n<div class=\"wp-block-group is-content-justification-center is-nowrap is-layout-flex wp-container-core-group-is-layout-23441af8 wp-block-group-is-layout-flex\">\n<div class=\"wp-block-buttons is-content-justification-left is-layout-flex wp-container-core-buttons-is-layout-fc4fd283 wp-block-buttons-is-layout-flex\">\n<div class=\"wp-block-button button-cta\"><a class=\"wp-block-button__link has-accent-cta-background-color has-background wp-element-button\" href=\"https:\/\/api.whatsapp.com\/send\/?phone=4915752603023&amp;text&amp;type=phone_number&amp;app_absent=0\">Agendar Consultoria Gratuita<\/a><\/div>\n<\/div>\n<\/div>\n<\/section>\n\n\n\n<section class=\"wp-block-group section is-layout-constrained wp-block-group-is-layout-constrained\">\n<h2 class=\"wp-block-heading has-text-align-center\">Veja a transforma\u00e7\u00e3o de algumas clientes<\/h2>\n\n\n\n<figure class=\"wp-block-gallery has-nested-images columns-2 is-cropped clients-gallery wp-block-gallery-2 is-layout-flex wp-block-gallery-is-layout-flex\">\n<figure class=\"wp-block-image size-medium\"><img loading=\"lazy\" decoding=\"async\" width=\"300\" height=\"300\" data-id=\"163\" src=\"https:\/\/stage.imagemestilo.com\/wp-content\/uploads\/2025\/06\/antes-depois-1-300x300.png\" alt=\"\" class=\"wp-image-163\" srcset=\"https:\/\/stage.imagemestilo.com\/wp-content\/uploads\/2025\/06\/antes-depois-1-300x300.png 300w, https:\/\/stage.imagemestilo.com\/wp-content\/uploads\/2025\/06\/antes-depois-1-150x150.png 150w, https:\/\/stage.imagemestilo.com\/wp-content\/uploads\/2025\/06\/antes-depois-1.png 405w\" sizes=\"auto, (max-width: 300px) 100vw, 300px\" \/><\/figure>\n\n\n\n<figure class=\"wp-block-image size-medium\"><img loading=\"lazy\" decoding=\"async\" width=\"300\" height=\"300\" data-id=\"162\" src=\"https:\/\/stage.imagemestilo.com\/wp-content\/uploads\/2025\/06\/redim-antes-depois-5-300x300.png\" alt=\"\" class=\"wp-image-162\" srcset=\"https:\/\/stage.imagemestilo.com\/wp-content\/uploads\/2025\/06\/redim-antes-depois-5-300x300.png 300w, https:\/\/stage.imagemestilo.com\/wp-content\/uploads\/2025\/06\/redim-antes-depois-5-150x150.png 150w, https:\/\/stage.imagemestilo.com\/wp-content\/uploads\/2025\/06\/redim-antes-depois-5.png 405w\" sizes=\"auto, (max-width: 300px) 100vw, 300px\" \/><\/figure>\n\n\n\n<figure class=\"wp-block-image size-medium\"><img loading=\"lazy\" decoding=\"async\" width=\"300\" height=\"300\" data-id=\"168\" src=\"https:\/\/stage.imagemestilo.com\/wp-content\/uploads\/2025\/06\/antes-depois-6-300x300.png\" alt=\"\" class=\"wp-image-168\" srcset=\"https:\/\/stage.imagemestilo.com\/wp-content\/uploads\/2025\/06\/antes-depois-6-300x300.png 300w, https:\/\/stage.imagemestilo.com\/wp-content\/uploads\/2025\/06\/antes-depois-6-150x150.png 150w, https:\/\/stage.imagemestilo.com\/wp-content\/uploads\/2025\/06\/antes-depois-6.png 405w\" sizes=\"auto, (max-width: 300px) 100vw, 300px\" \/><\/figure>\n\n\n\n<figure class=\"wp-block-image size-medium\"><img loading=\"lazy\" decoding=\"async\" width=\"300\" height=\"300\" data-id=\"165\" src=\"https:\/\/stage.imagemestilo.com\/wp-content\/uploads\/2025\/06\/antes-depois-3-300x300.png\" alt=\"\" class=\"wp-image-165\" srcset=\"https:\/\/stage.imagemestilo.com\/wp-content\/uploads\/2025\/06\/antes-depois-3-300x300.png 300w, https:\/\/stage.imagemestilo.com\/wp-content\/uploads\/2025\/06\/antes-depois-3-150x150.png 150w, https:\/\/stage.imagemestilo.com\/wp-content\/uploads\/2025\/06\/antes-depois-3.png 405w\" sizes=\"auto, (max-width: 300px) 100vw, 300px\" \/><\/figure>\n<\/figure>\n\n\n\n<div class=\"wp-block-group is-content-justification-center is-nowrap is-layout-flex wp-container-core-group-is-layout-23441af8 wp-block-group-is-layout-flex\">\n<div class=\"wp-block-buttons is-content-justification-left is-layout-flex wp-container-core-buttons-is-layout-fc4fd283 wp-block-buttons-is-layout-flex\">\n<div class=\"wp-block-button button-cta\"><a class=\"wp-block-button__link has-accent-cta-background-color has-background wp-element-button\" href=\"https:\/\/api.whatsapp.com\/send\/?phone=4915752603023&amp;text&amp;type=phone_number&amp;app_absent=0\">Agendar Consultoria Gratuita<\/a><\/div>\n<\/div>\n<\/div>\n<\/section>\n\n\n\n<section class=\"wp-block-group section has-subtle-border-background-color has-background is-layout-constrained wp-block-group-is-layout-constrained\">\n<div class=\"wp-block-media-text alignwide is-stacked-on-mobile is-vertically-aligned-top\" style=\"grid-template-columns:33% auto\"><figure class=\"wp-block-media-text__media\"><img loading=\"lazy\" decoding=\"async\" width=\"683\" height=\"1024\" src=\"https:\/\/stage.imagemestilo.com\/wp-content\/uploads\/2025\/06\/secao-sobre-768x1152-1-683x1024.jpg\" alt=\"\" class=\"wp-image-159 size-full\" srcset=\"https:\/\/stage.imagemestilo.com\/wp-content\/uploads\/2025\/06\/secao-sobre-768x1152-1-683x1024.jpg 683w, https:\/\/stage.imagemestilo.com\/wp-content\/uploads\/2025\/06\/secao-sobre-768x1152-1-200x300.jpg 200w, https:\/\/stage.imagemestilo.com\/wp-content\/uploads\/2025\/06\/secao-sobre-768x1152-1.jpg 768w\" sizes=\"auto, (max-width: 683px) 100vw, 683px\" \/><\/figure><div class=\"wp-block-media-text__content\">\n<h2 class=\"wp-block-heading\">LENE RIEDEL<br><span class=\"text-reduced\">Estrategista de Imagem Pessoal<\/span><\/h2>\n\n\n\n<p class=\"has-medium-font-size\"><strong>Especialista em imagem pessoal e estilo.<\/strong><\/p>\n\n\n\n<p>Formada em consultoria de imagem, com especializa\u00e7\u00f5es em Colora\u00e7\u00e3o pessoal, Arqu\u00e9tipos de marca e posicionamento de imagem para os neg\u00f3cios. Tenho como prop\u00f3sito, ajudar mulheres que desejam transformar a sua imagem, a se sentirem muito mais confiante e seguras, e a transmitirem mais valor, sem dizer uma palavra. Porque eu acredito que todas as mulheres podem alcan\u00e7ar sucesso pessoal e profissional atrav\u00e9s da sua imagem, ali\u00e1s, essa \u00e9 uma ferramenta poderos\u00edssima para a vida pessoal e profissional. Porque a forma como nos vestimos, tem um impacto na forma como seremos vistas, e consequentemente tamb\u00e9m como seremos tratadas.<\/p>\n<\/div><\/div>\n<\/section>\n","protected":false},"excerpt":{"rendered":"<p>Voc\u00ea transmite a imagem que deseja? A forma como nos vestimos influencia diretamente a maneira como somos vistas e tratadas. Se voc\u00ea quer se sentir mais confiante, valorizar sua beleza natural e alinhar sua imagem com seus objetivos pessoais e profissionais, eu posso te ajudar. Sou Lene Riedel , estrategista de imagem e estilo, especialista [&hellip;]<\/p>\n","protected":false},"author":1,"featured_media":0,"parent":0,"menu_order":0,"comment_status":"closed","ping_status":"closed","template":"","meta":{"_acf_changed":false,"footnotes":""},"class_list":["post-32","page","type-page","status-publish","hentry"],"acf":[],"_links":{"self":[{"href":"https:\/\/stage.imagemestilo.com\/index.php?rest_route=\/wp\/v2\/pages\/32","targetHints":{"allow":["GET"]}}],"collection":[{"href":"https:\/\/stage.imagemestilo.com\/index.php?rest_route=\/wp\/v2\/pages"}],"about":[{"href":"https:\/\/stage.imagemestilo.com\/index.php?rest_route=\/wp\/v2\/types\/page"}],"author":[{"embeddable":true,"href":"https:\/\/stage.imagemestilo.com\/index.php?rest_route=\/wp\/v2\/users\/1"}],"replies":[{"embeddable":true,"href":"https:\/\/stage.imagemestilo.com\/index.php?rest_route=%2Fwp%2Fv2%2Fcomments&post=32"}],"version-history":[{"count":14,"href":"https:\/\/stage.imagemestilo.com\/index.php?rest_route=\/wp\/v2\/pages\/32\/revisions"}],"predecessor-version":[{"id":202,"href":"https:\/\/stage.imagemestilo.com\/index.php?rest_route=\/wp\/v2\/pages\/32\/revisions\/202"}],"wp:attachment":[{"href":"https:\/\/stage.imagemestilo.com\/index.php?rest_route=%2Fwp%2Fv2%2Fmedia&parent=32"}],"curies":[{"name":"wp","href":"https:\/\/api.w.org\/{rel}","templated":true}]}}